{"id":170,"date":"2024-11-06T13:08:10","date_gmt":"2024-11-06T11:08:10","guid":{"rendered":"https:\/\/andrei857.wordpress.com\/?page_id=170"},"modified":"2024-11-06T13:08:10","modified_gmt":"2024-11-06T11:08:10","slug":"vorrelda-kahte-vaatlusalust-mudelit","status":"publish","type":"page","link":"https:\/\/andreilebedev24.thkit.ee\/ru\/tarkvaraarendus\/vorrelda-kahte-vaatlusalust-mudelit\/","title":{"rendered":"V\u00f5rrelda kahte vaatlusalust mudelit."},"content":{"rendered":"\n<figure class=\"wp-block-table\"><table class=\"has-fixed-layout\"><thead><tr><th><strong>Kriteerium<\/strong><\/th><th><strong>Inkrementaalne mudel<\/strong><\/th><th><strong>Agiilne mudel<\/strong><\/th><\/tr><\/thead><\/table><\/figure>\n\n\n\n<figure class=\"wp-block-table\"><table class=\"has-fixed-layout\"><tbody><tr><td><strong>Arenduse l\u00e4henemisviis<\/strong><\/td><td>Arendus toimub v\u00e4ikeste inkrementidena, kus iga osa on t\u00e4ielikult t\u00f6\u00f6tav.<\/td><td>Arendus toimub l\u00fchikeste iteratsioonidena, kus iga ts\u00fckkel toodab t\u00f6\u00f6tava komponendi.<\/td><\/tr><\/tbody><\/table><\/figure>\n\n\n\n<figure class=\"wp-block-table\"><table class=\"has-fixed-layout\"><tbody><tr><td><strong>Paindlikkus muutuvates n\u00f5udmistes<\/strong><\/td><td>Piiratud paindlikkus, sest iga inkrement sisaldab kindlaid omadusi.<\/td><td>V\u00e4ga paindlik, muudatusi saab teha iga iteratsiooni jooksul.<\/td><\/tr><\/tbody><\/table><\/figure>\n\n\n\n<figure class=\"wp-block-table\"><table class=\"has-fixed-layout\"><tbody><tr><td><strong>Kliendi tagasiside<\/strong><\/td><td>Kliendi tagasiside toimub iga inkrementi l\u00f5pus.<\/td><td>Kliendi tagasiside on pidev ja v\u00f5ib m\u00f5jutada iga iteratsiooni.<\/td><\/tr><\/tbody><\/table><\/figure>\n\n\n\n<figure class=\"wp-block-table\"><table class=\"has-fixed-layout\"><tbody><tr><td><strong>Aja ja eelarve m\u00e4\u00e4ramine<\/strong><\/td><td>Aja ja eelarve m\u00e4\u00e4ramine on tavaliselt t\u00e4psem, kuid v\u00f5ib muutuda projekti l\u00f5pus, kui inkrementide integreerimine on keeruline.<\/td><td>Aja ja eelarve m\u00e4\u00e4ramine on keeruline, kuna n\u00f5uded ja funktsionaalsus v\u00f5ivad pidevalt muutuda.<\/td><\/tr><\/tbody><\/table><\/figure>\n\n\n\n<figure class=\"wp-block-table\"><table class=\"has-fixed-layout\"><tbody><tr><td><strong>Projekti juhtimine<\/strong><\/td><td>Eeldab h\u00e4sti kavandatud ja struktureeritud plaani, kuna iga inkrement on s\u00f5ltuvuses eelmisest.<\/td><td>V\u00e4henenud vajadus detaile planeerida, aga s\u00f5ltub tugevalt meeskonnast ja kliendi koost\u00f6\u00f6st.<\/td><\/tr><\/tbody><\/table><\/figure>\n\n\n\n<figure class=\"wp-block-table\"><table class=\"has-fixed-layout\"><tbody><tr><td><strong>Eesm\u00e4rk ja l\u00f5pptulemus<\/strong><\/td><td>Keskendub s\u00fcsteemi j\u00e4rkj\u00e4rguliselt valmimisele, lisades funktsioone iga inkrementi jooksul.<\/td><td>Keskendub kiirele toote arendamisele, pidevatele muudatustele ja t\u00e4iendustele.<\/td><\/tr><\/tbody><\/table><\/figure>\n\n\n\n<figure class=\"wp-block-table\"><table class=\"has-fixed-layout\"><tbody><tr><td><strong>Testimine ja kvaliteedi tagamine<\/strong><\/td><td>Iga inkrement testitakse eraldi, tagades iga osa t\u00f6\u00f6kindluse.<\/td><td>Testimine toimub igas iteratsioonis, kuid kiire testimine v\u00f5ib m\u00f5nikord p\u00f5hjustada kvaliteedi probleeme.<\/td><\/tr><\/tbody><\/table><\/figure>\n\n\n\n<figure class=\"wp-block-table\"><table class=\"has-fixed-layout\"><tbody><tr><td><strong>Projektide suurus<\/strong><\/td><td>Sobib keskmise ja suure projekti jaoks, kus on v\u00f5imalik jagada t\u00f6\u00f6d v\u00e4ikesteks osadeks.<\/td><td>Sobib h\u00e4sti v\u00e4ikeste ja keskmise suurusega projektide jaoks, kus iteratiivne l\u00e4henemine on efektiivne.<\/td><\/tr><\/tbody><\/table><\/figure>\n\n\n\n<figure class=\"wp-block-table\"><table class=\"has-fixed-layout\"><tbody><tr><td><strong>K\u00f5rge kvaliteedi tagamine<\/strong><\/td><td>K\u00f5rge kvaliteedi tagamine iga inkrementi testimise kaudu, kuid l\u00f5ppfaasi integreerimine v\u00f5ib olla keeruline.<\/td><td>Kvaliteedi tagamine igas iteratsioonis, kuid risk, et l\u00f5pptootes v\u00f5ivad esineda probleemid, kuna pidev muudatuste tegemine.<\/td><\/tr><\/tbody><\/table><\/figure>\n\n\n\n<figure class=\"wp-block-table\"><table class=\"has-fixed-layout\"><tbody><tr><td><strong>T\u00f5husus<\/strong><\/td><td>T\u00f5hus, kui on v\u00f5imalik tagada k\u00f5igi inkrementide kokkusobivus ja j\u00e4rjepidevus.<\/td><td>V\u00e4ga t\u00f5hus, kui meeskond t\u00f6\u00f6tab h\u00e4sti ja kliendi tagasiside on kiire.<\/td><\/tr><\/tbody><\/table><\/figure>\n","protected":false},"excerpt":{"rendered":"<p>Kriteerium Inkrementaalne mudel Agiilne mudel Arenduse l\u00e4henemisviis Arendus toimub v\u00e4ikeste inkrementidena, kus iga [&hellip;]<\/p>\n","protected":false},"author":1,"featured_media":0,"parent":147,"menu_order":3,"comment_status":"closed","ping_status":"closed","template":"","meta":{"footnotes":""},"class_list":["post-170","page","type-page","status-publish","hentry"],"yoast_head":"<!-- This site is optimized with the Yoast SEO plugin v27.4 - https:\/\/yoast.com\/product\/yoast-seo-wordpress\/ -->\n<title>V\u00f5rrelda kahte vaatlusalust mudelit. - Andrei Lebedev \/Portfolio\/RU<\/title>\n<meta name=\"robots\" content=\"index, follow, max-snippet:-1, max-image-preview:large, max-video-preview:-1\" \/>\n<link rel=\"canonical\" href=\"https:\/\/andreilebedev24.thkit.ee\/ru\/tarkvaraarendus\/vorrelda-kahte-vaatlusalust-mudelit\/\" \/>\n<meta property=\"og:locale\" content=\"ru_RU\" \/>\n<meta property=\"og:type\" content=\"article\" \/>\n<meta property=\"og:title\" content=\"V\u00f5rrelda kahte vaatlusalust mudelit. - Andrei Lebedev \/Portfolio\/RU\" \/>\n<meta property=\"og:description\" content=\"Kriteerium Inkrementaalne mudel Agiilne mudel Arenduse l\u00e4henemisviis Arendus toimub v\u00e4ikeste inkrementidena, kus iga [&hellip;]\" \/>\n<meta property=\"og:url\" content=\"https:\/\/andreilebedev24.thkit.ee\/ru\/tarkvaraarendus\/vorrelda-kahte-vaatlusalust-mudelit\/\" \/>\n<meta property=\"og:site_name\" content=\"Andrei Lebedev \/Portfolio\/RU\" \/>\n<meta name=\"twitter:card\" content=\"summary_large_image\" \/>\n<meta name=\"twitter:label1\" content=\"\u041f\u0440\u0438\u043c\u0435\u0440\u043d\u043e\u0435 \u0432\u0440\u0435\u043c\u044f \u0434\u043b\u044f \u0447\u0442\u0435\u043d\u0438\u044f\" \/>\n\t<meta name=\"twitter:data1\" content=\"1 \u043c\u0438\u043d\u0443\u0442\u0430\" \/>\n<script type=\"application\/ld+json\" class=\"yoast-schema-graph\">{\"@context\":\"https:\\\/\\\/schema.org\",\"@graph\":[{\"@type\":\"WebPage\",\"@id\":\"https:\\\/\\\/andreilebedev24.thkit.ee\\\/ru\\\/tarkvaraarendus\\\/vorrelda-kahte-vaatlusalust-mudelit\\\/\",\"url\":\"https:\\\/\\\/andreilebedev24.thkit.ee\\\/ru\\\/tarkvaraarendus\\\/vorrelda-kahte-vaatlusalust-mudelit\\\/\",\"name\":\"V\u00f5rrelda kahte vaatlusalust mudelit. - Andrei Lebedev \\\/Portfolio\\\/RU\",\"isPartOf\":{\"@id\":\"https:\\\/\\\/andreilebedev24.thkit.ee\\\/ru\\\/#website\"},\"datePublished\":\"2024-11-06T11:08:10+00:00\",\"breadcrumb\":{\"@id\":\"https:\\\/\\\/andreilebedev24.thkit.ee\\\/ru\\\/tarkvaraarendus\\\/vorrelda-kahte-vaatlusalust-mudelit\\\/#breadcrumb\"},\"inLanguage\":\"ru-RU\",\"potentialAction\":[{\"@type\":\"ReadAction\",\"target\":[\"https:\\\/\\\/andreilebedev24.thkit.ee\\\/ru\\\/tarkvaraarendus\\\/vorrelda-kahte-vaatlusalust-mudelit\\\/\"]}]},{\"@type\":\"BreadcrumbList\",\"@id\":\"https:\\\/\\\/andreilebedev24.thkit.ee\\\/ru\\\/tarkvaraarendus\\\/vorrelda-kahte-vaatlusalust-mudelit\\\/#breadcrumb\",\"itemListElement\":[{\"@type\":\"ListItem\",\"position\":1,\"name\":\"\u0413\u043b\u0430\u0432\u043d\u0430\u044f \u0441\u0442\u0440\u0430\u043d\u0438\u0446\u0430\",\"item\":\"https:\\\/\\\/andreilebedev24.thkit.ee\\\/ru\\\/\"},{\"@type\":\"ListItem\",\"position\":2,\"name\":\"Tarkvaraarendus\",\"item\":\"https:\\\/\\\/andreilebedev24.thkit.ee\\\/ru\\\/tarkvaraarendus\\\/\"},{\"@type\":\"ListItem\",\"position\":3,\"name\":\"V\u00f5rrelda kahte vaatlusalust mudelit.\"}]},{\"@type\":\"WebSite\",\"@id\":\"https:\\\/\\\/andreilebedev24.thkit.ee\\\/ru\\\/#website\",\"url\":\"https:\\\/\\\/andreilebedev24.thkit.ee\\\/ru\\\/\",\"name\":\"Andrei Lebedev \\\/Portfolio\\\/RU\",\"description\":\"\",\"potentialAction\":[{\"@type\":\"SearchAction\",\"target\":{\"@type\":\"EntryPoint\",\"urlTemplate\":\"https:\\\/\\\/andreilebedev24.thkit.ee\\\/ru\\\/?s={search_term_string}\"},\"query-input\":{\"@type\":\"PropertyValueSpecification\",\"valueRequired\":true,\"valueName\":\"search_term_string\"}}],\"inLanguage\":\"ru-RU\"}]}<\/script>\n<!-- \/ Yoast SEO plugin. -->","yoast_head_json":{"title":"V\u00f5rrelda kahte vaatlusalust mudelit. - Andrei Lebedev \/Portfolio\/RU","robots":{"index":"index","follow":"follow","max-snippet":"max-snippet:-1","max-image-preview":"max-image-preview:large","max-video-preview":"max-video-preview:-1"},"canonical":"https:\/\/andreilebedev24.thkit.ee\/ru\/tarkvaraarendus\/vorrelda-kahte-vaatlusalust-mudelit\/","og_locale":"ru_RU","og_type":"article","og_title":"V\u00f5rrelda kahte vaatlusalust mudelit. - Andrei Lebedev \/Portfolio\/RU","og_description":"Kriteerium Inkrementaalne mudel Agiilne mudel Arenduse l\u00e4henemisviis Arendus toimub v\u00e4ikeste inkrementidena, kus iga [&hellip;]","og_url":"https:\/\/andreilebedev24.thkit.ee\/ru\/tarkvaraarendus\/vorrelda-kahte-vaatlusalust-mudelit\/","og_site_name":"Andrei Lebedev \/Portfolio\/RU","twitter_card":"summary_large_image","twitter_misc":{"\u041f\u0440\u0438\u043c\u0435\u0440\u043d\u043e\u0435 \u0432\u0440\u0435\u043c\u044f \u0434\u043b\u044f \u0447\u0442\u0435\u043d\u0438\u044f":"1 \u043c\u0438\u043d\u0443\u0442\u0430"},"schema":{"@context":"https:\/\/schema.org","@graph":[{"@type":"WebPage","@id":"https:\/\/andreilebedev24.thkit.ee\/ru\/tarkvaraarendus\/vorrelda-kahte-vaatlusalust-mudelit\/","url":"https:\/\/andreilebedev24.thkit.ee\/ru\/tarkvaraarendus\/vorrelda-kahte-vaatlusalust-mudelit\/","name":"V\u00f5rrelda kahte vaatlusalust mudelit. - Andrei Lebedev \/Portfolio\/RU","isPartOf":{"@id":"https:\/\/andreilebedev24.thkit.ee\/ru\/#website"},"datePublished":"2024-11-06T11:08:10+00:00","breadcrumb":{"@id":"https:\/\/andreilebedev24.thkit.ee\/ru\/tarkvaraarendus\/vorrelda-kahte-vaatlusalust-mudelit\/#breadcrumb"},"inLanguage":"ru-RU","potentialAction":[{"@type":"ReadAction","target":["https:\/\/andreilebedev24.thkit.ee\/ru\/tarkvaraarendus\/vorrelda-kahte-vaatlusalust-mudelit\/"]}]},{"@type":"BreadcrumbList","@id":"https:\/\/andreilebedev24.thkit.ee\/ru\/tarkvaraarendus\/vorrelda-kahte-vaatlusalust-mudelit\/#breadcrumb","itemListElement":[{"@type":"ListItem","position":1,"name":"\u0413\u043b\u0430\u0432\u043d\u0430\u044f \u0441\u0442\u0440\u0430\u043d\u0438\u0446\u0430","item":"https:\/\/andreilebedev24.thkit.ee\/ru\/"},{"@type":"ListItem","position":2,"name":"Tarkvaraarendus","item":"https:\/\/andreilebedev24.thkit.ee\/ru\/tarkvaraarendus\/"},{"@type":"ListItem","position":3,"name":"V\u00f5rrelda kahte vaatlusalust mudelit."}]},{"@type":"WebSite","@id":"https:\/\/andreilebedev24.thkit.ee\/ru\/#website","url":"https:\/\/andreilebedev24.thkit.ee\/ru\/","name":"Andrei Lebedev \/Portfolio\/RU","description":"","potentialAction":[{"@type":"SearchAction","target":{"@type":"EntryPoint","urlTemplate":"https:\/\/andreilebedev24.thkit.ee\/ru\/?s={search_term_string}"},"query-input":{"@type":"PropertyValueSpecification","valueRequired":true,"valueName":"search_term_string"}}],"inLanguage":"ru-RU"}]}},"_links":{"self":[{"href":"https:\/\/andreilebedev24.thkit.ee\/ru\/wp-json\/wp\/v2\/pages\/170","targetHints":{"allow":["GET"]}}],"collection":[{"href":"https:\/\/andreilebedev24.thkit.ee\/ru\/wp-json\/wp\/v2\/pages"}],"about":[{"href":"https:\/\/andreilebedev24.thkit.ee\/ru\/wp-json\/wp\/v2\/types\/page"}],"author":[{"embeddable":true,"href":"https:\/\/andreilebedev24.thkit.ee\/ru\/wp-json\/wp\/v2\/users\/1"}],"replies":[{"embeddable":true,"href":"https:\/\/andreilebedev24.thkit.ee\/ru\/wp-json\/wp\/v2\/comments?post=170"}],"version-history":[{"count":0,"href":"https:\/\/andreilebedev24.thkit.ee\/ru\/wp-json\/wp\/v2\/pages\/170\/revisions"}],"up":[{"embeddable":true,"href":"https:\/\/andreilebedev24.thkit.ee\/ru\/wp-json\/wp\/v2\/pages\/147"}],"wp:attachment":[{"href":"https:\/\/andreilebedev24.thkit.ee\/ru\/wp-json\/wp\/v2\/media?parent=170"}],"curies":[{"name":"wp","href":"https:\/\/api.w.org\/{rel}","templated":true}]}}