{"id":217,"date":"2024-11-13T10:16:34","date_gmt":"2024-11-13T10:16:34","guid":{"rendered":"https:\/\/andreilebedev24.thkit.ee\/?page_id=217"},"modified":"2024-11-13T10:16:34","modified_gmt":"2024-11-13T10:16:34","slug":"terminid-sonavara","status":"publish","type":"page","link":"https:\/\/andreilebedev24.thkit.ee\/ru\/terminid-sonavara\/","title":{"rendered":"Terminid\/ S\u00f5navara"},"content":{"rendered":"\n<div class=\"dictionary\">\r\n\t<form class=\"terms_search\"><input type=\"text\" name=\"terms_s\" value=\"\" required><input type=\"submit\" value=\"search\"><\/form><nav class=\"letters\"><a href=\"?letter=3\" class=\"letter \">C<\/a><a href=\"?letter=5\" class=\"letter \">E<\/a><a href=\"?letter=6\" class=\"letter \">K<\/a><a href=\"?letter=7\" class=\"letter \">L<\/a><a href=\"?letter=8\" class=\"letter \">M<\/a><a href=\"?letter=9\" class=\"letter \">S<\/a><a href=\"?letter=13\" class=\"letter \">U<\/a><\/nav><div class=\"terms\"><div class=\"term\"><strong>CASE<\/strong> (<a href=\"?terms-tag=10\">TA dokumenteerimine<\/a>, <a href=\"?terms-tag=11\">Tarkvara<\/a>) - Compjuter-Aided Software Enginering Tools\n\nCase- vahendid on programmid, mis toetavad tarkvara ja arendusprotsessid.<\/div><div class=\"term\"><strong>CRM s\u00fcsteem<\/strong>  - <b>CRM<\/b> ehk eesti keelselt <b>kliendisuhete haldus<\/b> v\u00f5i <b>kliendihaldus<\/b> on protsess, mille k\u00e4igus ettev\u00f5te v\u00f5i muu organisatsioon haldab oma suhtlust klientidega.\n\n<a href=\"https:\/\/et.wikipedia.org\/wiki\/Kliendihalduse_tarkvara\">Allikad<\/a><\/div><div class=\"term\"><strong>ERP s\u00fcsteem<\/strong>  - Ettev\u00f5tte ressursside planeerimise tarkvara, vahel ka lihtsalt majandustarkvara, on integreeritud rakenduste komplekt, mis on loodud \u00e4rifunktsioonide nagu finants, personal, m\u00fc\u00fck, ost, tootmine jne haldamiseks.\n\n<a href=\"https:\/\/erpcon.ee\/kasulikku\/mis-on-erp\">Allikad<\/a><\/div><div class=\"term\"><strong>Knowledge Management, KM<\/strong>  - Teadmiste haldamine on protsess, mida ettev\u00f5te kasutab oma teadmiste kogumiseks, organiseerimiseks, jagamiseks ja anal\u00fc\u00fcsimiseks viisil, mis on t\u00f6\u00f6tajatele h\u00f5lpsasti k\u00e4ttesaadav.\n\n<a href=\"https:\/\/www.techtarget.com\/searchcontentmanagement\/definition\/knowledge-management-KM\">Allikad<\/a><\/div><div class=\"term\"><strong>Lower CASE tools<\/strong>  - <b>Designed for the back-end of the SDLC and are used for detailed systems design, system implementation and system support<\/b>.\n\n<a href=\"https:\/\/www.umsl.edu\/~sauterv\/analysis\/488_f02_papers\/CASE.html#:~:text=Lower%20CASE%20tools%20are%20designed,compilers%20and%20test%20support%20tools.\">Allikad<\/a><\/div><div class=\"term\"><strong>MVP- kuidas see t\u00f6\u00f6tab?<\/strong>  - Ehk minimaalne toimiv toode on toote arenduse varajane versioon, mis sisaldab vaid p\u00f5hilisi funktsioone, mida on vaja, et toode t\u00e4idaks oma peamise eesm\u00e4rgi.\n\n<a href=\"https:\/\/rahafoorum.ee\/dict\/mvp\/\">Allikad<\/a><\/div><div class=\"term\"><strong>S\u00fcsteemiarenduse eluts\u00fckkel<\/strong>  - On protsess, mille k\u00e4igus luuakse uus v\u00f5i muudetakse vana tarkvaras\u00fcsteemi, samuti mudelid ja meetodid, mida inimesed kasutavad s\u00fcsteemide arendamiseks. Tarkvara kui toode on s\u00fcsteemiarenduse v\u00e4ljund.\n\n<a href=\"https:\/\/eopearhiiv.edu.ee\/e-kursused\/eucip\/arendus\/121_elutskli_faasid.html#:~:text=S%C3%BCsteemiarenduse%20eluts%C3%BCkkel%20(Systems%20Development%20Life,kui%20toode%20on%20s%C3%BCsteemiarenduse%20v%C3%A4ljund.\">Allikad<\/a><\/div><div class=\"term\"><strong>Upper CASE tools<\/strong>  - <b>Designed for the early stages of the SDLC, and are used for project planning, systems analysis and general systems design<\/b>.\n\n<a href=\"https:\/\/www.umsl.edu\/~sauterv\/analysis\/488_f02_papers\/CASE.html#:~:text=Upper%20CASE%20tools%20are%20designed,requirements%20and%20design%20support%20tools.\">Allikad<\/a><\/div><\/div><\/div>\n\n\n\n<p><\/p>\n","protected":false},"excerpt":{"rendered":"<p> [&hellip;]<\/p>\n","protected":false},"author":1,"featured_media":0,"parent":0,"menu_order":5,"comment_status":"closed","ping_status":"closed","template":"","meta":{"footnotes":""},"class_list":["post-217","page","type-page","status-publish","hentry"],"yoast_head":"<!-- This site is optimized with the Yoast SEO plugin v27.4 - https:\/\/yoast.com\/product\/yoast-seo-wordpress\/ -->\n<title>Terminid\/ S\u00f5navara - Andrei Lebedev \/Portfolio\/RU<\/title>\n<meta name=\"robots\" content=\"index, follow, max-snippet:-1, max-image-preview:large, max-video-preview:-1\" \/>\n<link rel=\"canonical\" href=\"https:\/\/andreilebedev24.thkit.ee\/ru\/terminid-sonavara\/\" \/>\n<meta property=\"og:locale\" content=\"ru_RU\" \/>\n<meta property=\"og:type\" content=\"article\" \/>\n<meta property=\"og:title\" content=\"Terminid\/ S\u00f5navara - Andrei Lebedev \/Portfolio\/RU\" \/>\n<meta property=\"og:description\" content=\"[&hellip;]\" \/>\n<meta property=\"og:url\" content=\"https:\/\/andreilebedev24.thkit.ee\/ru\/terminid-sonavara\/\" \/>\n<meta property=\"og:site_name\" content=\"Andrei Lebedev \/Portfolio\/RU\" \/>\n<meta name=\"twitter:card\" content=\"summary_large_image\" \/>\n<script type=\"application\/ld+json\" class=\"yoast-schema-graph\">{\"@context\":\"https:\\\/\\\/schema.org\",\"@graph\":[{\"@type\":\"WebPage\",\"@id\":\"https:\\\/\\\/andreilebedev24.thkit.ee\\\/ru\\\/terminid-sonavara\\\/\",\"url\":\"https:\\\/\\\/andreilebedev24.thkit.ee\\\/ru\\\/terminid-sonavara\\\/\",\"name\":\"Terminid\\\/ S\u00f5navara - Andrei Lebedev \\\/Portfolio\\\/RU\",\"isPartOf\":{\"@id\":\"https:\\\/\\\/andreilebedev24.thkit.ee\\\/ru\\\/#website\"},\"datePublished\":\"2024-11-13T10:16:34+00:00\",\"breadcrumb\":{\"@id\":\"https:\\\/\\\/andreilebedev24.thkit.ee\\\/ru\\\/terminid-sonavara\\\/#breadcrumb\"},\"inLanguage\":\"ru-RU\",\"potentialAction\":[{\"@type\":\"ReadAction\",\"target\":[\"https:\\\/\\\/andreilebedev24.thkit.ee\\\/ru\\\/terminid-sonavara\\\/\"]}]},{\"@type\":\"BreadcrumbList\",\"@id\":\"https:\\\/\\\/andreilebedev24.thkit.ee\\\/ru\\\/terminid-sonavara\\\/#breadcrumb\",\"itemListElement\":[{\"@type\":\"ListItem\",\"position\":1,\"name\":\"\u0413\u043b\u0430\u0432\u043d\u0430\u044f \u0441\u0442\u0440\u0430\u043d\u0438\u0446\u0430\",\"item\":\"https:\\\/\\\/andreilebedev24.thkit.ee\\\/ru\\\/\"},{\"@type\":\"ListItem\",\"position\":2,\"name\":\"Terminid\\\/ S\u00f5navara\"}]},{\"@type\":\"WebSite\",\"@id\":\"https:\\\/\\\/andreilebedev24.thkit.ee\\\/ru\\\/#website\",\"url\":\"https:\\\/\\\/andreilebedev24.thkit.ee\\\/ru\\\/\",\"name\":\"Andrei Lebedev \\\/Portfolio\\\/RU\",\"description\":\"\",\"potentialAction\":[{\"@type\":\"SearchAction\",\"target\":{\"@type\":\"EntryPoint\",\"urlTemplate\":\"https:\\\/\\\/andreilebedev24.thkit.ee\\\/ru\\\/?s={search_term_string}\"},\"query-input\":{\"@type\":\"PropertyValueSpecification\",\"valueRequired\":true,\"valueName\":\"search_term_string\"}}],\"inLanguage\":\"ru-RU\"}]}<\/script>\n<!-- \/ Yoast SEO plugin. -->","yoast_head_json":{"title":"Terminid\/ S\u00f5navara - Andrei Lebedev \/Portfolio\/RU","robots":{"index":"index","follow":"follow","max-snippet":"max-snippet:-1","max-image-preview":"max-image-preview:large","max-video-preview":"max-video-preview:-1"},"canonical":"https:\/\/andreilebedev24.thkit.ee\/ru\/terminid-sonavara\/","og_locale":"ru_RU","og_type":"article","og_title":"Terminid\/ S\u00f5navara - Andrei Lebedev \/Portfolio\/RU","og_description":"[&hellip;]","og_url":"https:\/\/andreilebedev24.thkit.ee\/ru\/terminid-sonavara\/","og_site_name":"Andrei Lebedev \/Portfolio\/RU","twitter_card":"summary_large_image","schema":{"@context":"https:\/\/schema.org","@graph":[{"@type":"WebPage","@id":"https:\/\/andreilebedev24.thkit.ee\/ru\/terminid-sonavara\/","url":"https:\/\/andreilebedev24.thkit.ee\/ru\/terminid-sonavara\/","name":"Terminid\/ S\u00f5navara - Andrei Lebedev \/Portfolio\/RU","isPartOf":{"@id":"https:\/\/andreilebedev24.thkit.ee\/ru\/#website"},"datePublished":"2024-11-13T10:16:34+00:00","breadcrumb":{"@id":"https:\/\/andreilebedev24.thkit.ee\/ru\/terminid-sonavara\/#breadcrumb"},"inLanguage":"ru-RU","potentialAction":[{"@type":"ReadAction","target":["https:\/\/andreilebedev24.thkit.ee\/ru\/terminid-sonavara\/"]}]},{"@type":"BreadcrumbList","@id":"https:\/\/andreilebedev24.thkit.ee\/ru\/terminid-sonavara\/#breadcrumb","itemListElement":[{"@type":"ListItem","position":1,"name":"\u0413\u043b\u0430\u0432\u043d\u0430\u044f \u0441\u0442\u0440\u0430\u043d\u0438\u0446\u0430","item":"https:\/\/andreilebedev24.thkit.ee\/ru\/"},{"@type":"ListItem","position":2,"name":"Terminid\/ S\u00f5navara"}]},{"@type":"WebSite","@id":"https:\/\/andreilebedev24.thkit.ee\/ru\/#website","url":"https:\/\/andreilebedev24.thkit.ee\/ru\/","name":"Andrei Lebedev \/Portfolio\/RU","description":"","potentialAction":[{"@type":"SearchAction","target":{"@type":"EntryPoint","urlTemplate":"https:\/\/andreilebedev24.thkit.ee\/ru\/?s={search_term_string}"},"query-input":{"@type":"PropertyValueSpecification","valueRequired":true,"valueName":"search_term_string"}}],"inLanguage":"ru-RU"}]}},"_links":{"self":[{"href":"https:\/\/andreilebedev24.thkit.ee\/ru\/wp-json\/wp\/v2\/pages\/217","targetHints":{"allow":["GET"]}}],"collection":[{"href":"https:\/\/andreilebedev24.thkit.ee\/ru\/wp-json\/wp\/v2\/pages"}],"about":[{"href":"https:\/\/andreilebedev24.thkit.ee\/ru\/wp-json\/wp\/v2\/types\/page"}],"author":[{"embeddable":true,"href":"https:\/\/andreilebedev24.thkit.ee\/ru\/wp-json\/wp\/v2\/users\/1"}],"replies":[{"embeddable":true,"href":"https:\/\/andreilebedev24.thkit.ee\/ru\/wp-json\/wp\/v2\/comments?post=217"}],"version-history":[{"count":0,"href":"https:\/\/andreilebedev24.thkit.ee\/ru\/wp-json\/wp\/v2\/pages\/217\/revisions"}],"wp:attachment":[{"href":"https:\/\/andreilebedev24.thkit.ee\/ru\/wp-json\/wp\/v2\/media?parent=217"}],"curies":[{"name":"wp","href":"https:\/\/api.w.org\/{rel}","templated":true}]}}