{"id":271,"date":"2024-11-25T16:20:16","date_gmt":"2024-11-25T16:20:16","guid":{"rendered":"https:\/\/andreilebedev24.thkit.ee\/?page_id=271"},"modified":"2024-11-25T16:20:16","modified_gmt":"2024-11-25T16:20:16","slug":"tegevusskeem","status":"publish","type":"page","link":"https:\/\/andreilebedev24.thkit.ee\/ru\/tarkvaraarendus\/uml-skeemid\/tegevusskeem\/","title":{"rendered":"Tegevusskeem"},"content":{"rendered":"\n<p>\u2014 \u0434\u0438\u0430\u0433\u0440\u0430\u043c\u043c\u0430 \u0430\u043a\u0442\u0438\u0432\u043d\u043e\u0441\u0442\u0438 \u0438\u043b\u0438 \u0434\u0435\u044f\u0442\u0435\u043b\u044c\u043d\u043e\u0441\u0442\u0438&nbsp;<strong>(State \/ Activity diagramm)<\/strong><\/p>\n\n\n\n<p>Ta on m\u00f5eldud \u00fcldisemalt protsesside modelleerimiseks, kuid sobib kasutada ka v\u00e4iksemaid \u00fclesandeid lahendavate algoritmide kujutamiseks.<\/p>\n\n\n\n<h4 class=\"wp-block-heading has-text-align-left\"><strong>Olulisemad tegevusskeemi komponendid<\/strong><\/h4>\n\n\n\n<figure class=\"wp-block-image size-full\"><img decoding=\"async\" src=\"https:\/\/andreilebedev24.thkit.ee\/wp-content\/uploads\/2024\/11\/image-1-1.png\" alt=\"\" class=\"wp-image-272\" \/><\/figure>\n\n\n\n<figure class=\"wp-block-image size-full is-resized\"><img decoding=\"async\" src=\"https:\/\/andreilebedev24.thkit.ee\/wp-content\/uploads\/2024\/11\/image-2-1.png\" alt=\"\" class=\"wp-image-273\" style=\"width:337px;height:auto\" \/><\/figure>\n\n\n\n<ul class=\"wp-block-list\">\n<li><strong>alguss\u00f5lm<\/strong>&nbsp;\u2013 v\u00e4ike must muna, millega algoritm algab, sellest v\u00e4ljub alati \u00fcks voog<\/li>\n\n\n\n<li><strong>toiming<\/strong>&nbsp;&nbsp;\u2013 \u00fcmardatud nurkadega ristk\u00fclik, nendesse kirjutatakse k\u00e4sud, mida algoritmis t\u00e4idetakse<\/li>\n\n\n\n<li><strong>voog<\/strong>&nbsp;&nbsp;\u2013 nool, mis n\u00e4itab \u00fcleminekuid \u00fchest toimingust teise toimingusse; korrektne on, kui igasse toimingusse siseneb \u00fcks voog ning v\u00e4ljub samuti \u00fcks voog<\/li>\n\n\n\n<li><strong>otsustuspunkt<\/strong>\u2013 v\u00e4ike romb, mis t\u00e4histab otsuse tegemise kohta: vastavalt harude juurde kirjutatud tingimusele valitakse toimingute voogude vahel; vastavus if-lausega<\/li>\n\n\n\n<li><strong>tegevuse l\u00f5pp<\/strong>&nbsp;&nbsp;\u2013 must mumm, millega algoritm l\u00f5ppeb<\/li>\n<\/ul>\n\n\n\n<figure class=\"wp-block-image size-full\"><img decoding=\"async\" src=\"https:\/\/andreilebedev24.thkit.ee\/wp-content\/uploads\/2024\/11\/image-7.png\" alt=\"\" class=\"wp-image-280\" \/><\/figure>\n\n\n\n<figure class=\"wp-block-image size-full\"><img decoding=\"async\" src=\"https:\/\/andreilebedev24.thkit.ee\/wp-content\/uploads\/2024\/11\/Blank-diagram-3.png\" alt=\"\" class=\"wp-image-315\" \/><\/figure>\n","protected":false},"excerpt":{"rendered":"<p>\u2014 \u0434\u0438\u0430\u0433\u0440\u0430\u043c\u043c\u0430 \u0430\u043a\u0442\u0438\u0432\u043d\u043e\u0441\u0442\u0438 \u0438\u043b\u0438 \u0434\u0435\u044f\u0442\u0435\u043b\u044c\u043d\u043e\u0441\u0442\u0438&nbsp;(State \/ Activity diagramm) Ta on m\u00f5eldud \u00fcldisemalt protsesside [&hellip;]<\/p>\n","protected":false},"author":1,"featured_media":0,"parent":231,"menu_order":3,"comment_status":"closed","ping_status":"closed","template":"","meta":{"footnotes":""},"class_list":["post-271","page","type-page","status-publish","hentry"],"yoast_head":"<!-- This site is optimized with the Yoast SEO plugin v27.4 - https:\/\/yoast.com\/product\/yoast-seo-wordpress\/ -->\n<title>Tegevusskeem - Andrei Lebedev \/Portfolio\/RU<\/title>\n<meta name=\"robots\" content=\"index, follow, max-snippet:-1, max-image-preview:large, max-video-preview:-1\" \/>\n<link rel=\"canonical\" href=\"https:\/\/andreilebedev24.thkit.ee\/ru\/tarkvaraarendus\/uml-skeemid\/tegevusskeem\/\" \/>\n<meta property=\"og:locale\" content=\"ru_RU\" \/>\n<meta property=\"og:type\" content=\"article\" \/>\n<meta property=\"og:title\" content=\"Tegevusskeem - Andrei Lebedev \/Portfolio\/RU\" \/>\n<meta property=\"og:description\" content=\"\u2014 \u0434\u0438\u0430\u0433\u0440\u0430\u043c\u043c\u0430 \u0430\u043a\u0442\u0438\u0432\u043d\u043e\u0441\u0442\u0438 \u0438\u043b\u0438 \u0434\u0435\u044f\u0442\u0435\u043b\u044c\u043d\u043e\u0441\u0442\u0438&nbsp;(State \/ Activity diagramm) Ta on m\u00f5eldud \u00fcldisemalt protsesside [&hellip;]\" \/>\n<meta property=\"og:url\" content=\"https:\/\/andreilebedev24.thkit.ee\/ru\/tarkvaraarendus\/uml-skeemid\/tegevusskeem\/\" \/>\n<meta property=\"og:site_name\" content=\"Andrei Lebedev \/Portfolio\/RU\" \/>\n<meta name=\"twitter:card\" content=\"summary_large_image\" \/>\n<meta name=\"twitter:label1\" content=\"\u041f\u0440\u0438\u043c\u0435\u0440\u043d\u043e\u0435 \u0432\u0440\u0435\u043c\u044f \u0434\u043b\u044f \u0447\u0442\u0435\u043d\u0438\u044f\" \/>\n\t<meta name=\"twitter:data1\" content=\"1 \u043c\u0438\u043d\u0443\u0442\u0430\" \/>\n<script type=\"application\/ld+json\" class=\"yoast-schema-graph\">{\"@context\":\"https:\\\/\\\/schema.org\",\"@graph\":[{\"@type\":\"WebPage\",\"@id\":\"https:\\\/\\\/andreilebedev24.thkit.ee\\\/ru\\\/tarkvaraarendus\\\/uml-skeemid\\\/tegevusskeem\\\/\",\"url\":\"https:\\\/\\\/andreilebedev24.thkit.ee\\\/ru\\\/tarkvaraarendus\\\/uml-skeemid\\\/tegevusskeem\\\/\",\"name\":\"Tegevusskeem - Andrei Lebedev \\\/Portfolio\\\/RU\",\"isPartOf\":{\"@id\":\"https:\\\/\\\/andreilebedev24.thkit.ee\\\/ru\\\/#website\"},\"primaryImageOfPage\":{\"@id\":\"https:\\\/\\\/andreilebedev24.thkit.ee\\\/ru\\\/tarkvaraarendus\\\/uml-skeemid\\\/tegevusskeem\\\/#primaryimage\"},\"image\":{\"@id\":\"https:\\\/\\\/andreilebedev24.thkit.ee\\\/ru\\\/tarkvaraarendus\\\/uml-skeemid\\\/tegevusskeem\\\/#primaryimage\"},\"thumbnailUrl\":\"https:\\\/\\\/andreilebedev24.thkit.ee\\\/wp-content\\\/uploads\\\/2024\\\/11\\\/image-1-1.png\",\"datePublished\":\"2024-11-25T16:20:16+00:00\",\"breadcrumb\":{\"@id\":\"https:\\\/\\\/andreilebedev24.thkit.ee\\\/ru\\\/tarkvaraarendus\\\/uml-skeemid\\\/tegevusskeem\\\/#breadcrumb\"},\"inLanguage\":\"ru-RU\",\"potentialAction\":[{\"@type\":\"ReadAction\",\"target\":[\"https:\\\/\\\/andreilebedev24.thkit.ee\\\/ru\\\/tarkvaraarendus\\\/uml-skeemid\\\/tegevusskeem\\\/\"]}]},{\"@type\":\"ImageObject\",\"inLanguage\":\"ru-RU\",\"@id\":\"https:\\\/\\\/andreilebedev24.thkit.ee\\\/ru\\\/tarkvaraarendus\\\/uml-skeemid\\\/tegevusskeem\\\/#primaryimage\",\"url\":\"https:\\\/\\\/andreilebedev24.thkit.ee\\\/wp-content\\\/uploads\\\/2024\\\/11\\\/image-1-1.png\",\"contentUrl\":\"https:\\\/\\\/andreilebedev24.thkit.ee\\\/wp-content\\\/uploads\\\/2024\\\/11\\\/image-1-1.png\"},{\"@type\":\"BreadcrumbList\",\"@id\":\"https:\\\/\\\/andreilebedev24.thkit.ee\\\/ru\\\/tarkvaraarendus\\\/uml-skeemid\\\/tegevusskeem\\\/#breadcrumb\",\"itemListElement\":[{\"@type\":\"ListItem\",\"position\":1,\"name\":\"\u0413\u043b\u0430\u0432\u043d\u0430\u044f \u0441\u0442\u0440\u0430\u043d\u0438\u0446\u0430\",\"item\":\"https:\\\/\\\/andreilebedev24.thkit.ee\\\/ru\\\/\"},{\"@type\":\"ListItem\",\"position\":2,\"name\":\"Tarkvaraarendus\",\"item\":\"https:\\\/\\\/andreilebedev24.thkit.ee\\\/ru\\\/tarkvaraarendus\\\/\"},{\"@type\":\"ListItem\",\"position\":3,\"name\":\"UML skeemid\",\"item\":\"https:\\\/\\\/andreilebedev24.thkit.ee\\\/ru\\\/tarkvaraarendus\\\/uml-skeemid\\\/\"},{\"@type\":\"ListItem\",\"position\":4,\"name\":\"Tegevusskeem\"}]},{\"@type\":\"WebSite\",\"@id\":\"https:\\\/\\\/andreilebedev24.thkit.ee\\\/ru\\\/#website\",\"url\":\"https:\\\/\\\/andreilebedev24.thkit.ee\\\/ru\\\/\",\"name\":\"Andrei Lebedev \\\/Portfolio\\\/RU\",\"description\":\"\",\"potentialAction\":[{\"@type\":\"SearchAction\",\"target\":{\"@type\":\"EntryPoint\",\"urlTemplate\":\"https:\\\/\\\/andreilebedev24.thkit.ee\\\/ru\\\/?s={search_term_string}\"},\"query-input\":{\"@type\":\"PropertyValueSpecification\",\"valueRequired\":true,\"valueName\":\"search_term_string\"}}],\"inLanguage\":\"ru-RU\"}]}<\/script>\n<!-- \/ Yoast SEO plugin. -->","yoast_head_json":{"title":"Tegevusskeem - Andrei Lebedev \/Portfolio\/RU","robots":{"index":"index","follow":"follow","max-snippet":"max-snippet:-1","max-image-preview":"max-image-preview:large","max-video-preview":"max-video-preview:-1"},"canonical":"https:\/\/andreilebedev24.thkit.ee\/ru\/tarkvaraarendus\/uml-skeemid\/tegevusskeem\/","og_locale":"ru_RU","og_type":"article","og_title":"Tegevusskeem - Andrei Lebedev \/Portfolio\/RU","og_description":"\u2014 \u0434\u0438\u0430\u0433\u0440\u0430\u043c\u043c\u0430 \u0430\u043a\u0442\u0438\u0432\u043d\u043e\u0441\u0442\u0438 \u0438\u043b\u0438 \u0434\u0435\u044f\u0442\u0435\u043b\u044c\u043d\u043e\u0441\u0442\u0438&nbsp;(State \/ Activity diagramm) Ta on m\u00f5eldud \u00fcldisemalt protsesside [&hellip;]","og_url":"https:\/\/andreilebedev24.thkit.ee\/ru\/tarkvaraarendus\/uml-skeemid\/tegevusskeem\/","og_site_name":"Andrei Lebedev \/Portfolio\/RU","twitter_card":"summary_large_image","twitter_misc":{"\u041f\u0440\u0438\u043c\u0435\u0440\u043d\u043e\u0435 \u0432\u0440\u0435\u043c\u044f \u0434\u043b\u044f \u0447\u0442\u0435\u043d\u0438\u044f":"1 \u043c\u0438\u043d\u0443\u0442\u0430"},"schema":{"@context":"https:\/\/schema.org","@graph":[{"@type":"WebPage","@id":"https:\/\/andreilebedev24.thkit.ee\/ru\/tarkvaraarendus\/uml-skeemid\/tegevusskeem\/","url":"https:\/\/andreilebedev24.thkit.ee\/ru\/tarkvaraarendus\/uml-skeemid\/tegevusskeem\/","name":"Tegevusskeem - Andrei Lebedev \/Portfolio\/RU","isPartOf":{"@id":"https:\/\/andreilebedev24.thkit.ee\/ru\/#website"},"primaryImageOfPage":{"@id":"https:\/\/andreilebedev24.thkit.ee\/ru\/tarkvaraarendus\/uml-skeemid\/tegevusskeem\/#primaryimage"},"image":{"@id":"https:\/\/andreilebedev24.thkit.ee\/ru\/tarkvaraarendus\/uml-skeemid\/tegevusskeem\/#primaryimage"},"thumbnailUrl":"https:\/\/andreilebedev24.thkit.ee\/wp-content\/uploads\/2024\/11\/image-1-1.png","datePublished":"2024-11-25T16:20:16+00:00","breadcrumb":{"@id":"https:\/\/andreilebedev24.thkit.ee\/ru\/tarkvaraarendus\/uml-skeemid\/tegevusskeem\/#breadcrumb"},"inLanguage":"ru-RU","potentialAction":[{"@type":"ReadAction","target":["https:\/\/andreilebedev24.thkit.ee\/ru\/tarkvaraarendus\/uml-skeemid\/tegevusskeem\/"]}]},{"@type":"ImageObject","inLanguage":"ru-RU","@id":"https:\/\/andreilebedev24.thkit.ee\/ru\/tarkvaraarendus\/uml-skeemid\/tegevusskeem\/#primaryimage","url":"https:\/\/andreilebedev24.thkit.ee\/wp-content\/uploads\/2024\/11\/image-1-1.png","contentUrl":"https:\/\/andreilebedev24.thkit.ee\/wp-content\/uploads\/2024\/11\/image-1-1.png"},{"@type":"BreadcrumbList","@id":"https:\/\/andreilebedev24.thkit.ee\/ru\/tarkvaraarendus\/uml-skeemid\/tegevusskeem\/#breadcrumb","itemListElement":[{"@type":"ListItem","position":1,"name":"\u0413\u043b\u0430\u0432\u043d\u0430\u044f \u0441\u0442\u0440\u0430\u043d\u0438\u0446\u0430","item":"https:\/\/andreilebedev24.thkit.ee\/ru\/"},{"@type":"ListItem","position":2,"name":"Tarkvaraarendus","item":"https:\/\/andreilebedev24.thkit.ee\/ru\/tarkvaraarendus\/"},{"@type":"ListItem","position":3,"name":"UML skeemid","item":"https:\/\/andreilebedev24.thkit.ee\/ru\/tarkvaraarendus\/uml-skeemid\/"},{"@type":"ListItem","position":4,"name":"Tegevusskeem"}]},{"@type":"WebSite","@id":"https:\/\/andreilebedev24.thkit.ee\/ru\/#website","url":"https:\/\/andreilebedev24.thkit.ee\/ru\/","name":"Andrei Lebedev \/Portfolio\/RU","description":"","potentialAction":[{"@type":"SearchAction","target":{"@type":"EntryPoint","urlTemplate":"https:\/\/andreilebedev24.thkit.ee\/ru\/?s={search_term_string}"},"query-input":{"@type":"PropertyValueSpecification","valueRequired":true,"valueName":"search_term_string"}}],"inLanguage":"ru-RU"}]}},"_links":{"self":[{"href":"https:\/\/andreilebedev24.thkit.ee\/ru\/wp-json\/wp\/v2\/pages\/271","targetHints":{"allow":["GET"]}}],"collection":[{"href":"https:\/\/andreilebedev24.thkit.ee\/ru\/wp-json\/wp\/v2\/pages"}],"about":[{"href":"https:\/\/andreilebedev24.thkit.ee\/ru\/wp-json\/wp\/v2\/types\/page"}],"author":[{"embeddable":true,"href":"https:\/\/andreilebedev24.thkit.ee\/ru\/wp-json\/wp\/v2\/users\/1"}],"replies":[{"embeddable":true,"href":"https:\/\/andreilebedev24.thkit.ee\/ru\/wp-json\/wp\/v2\/comments?post=271"}],"version-history":[{"count":0,"href":"https:\/\/andreilebedev24.thkit.ee\/ru\/wp-json\/wp\/v2\/pages\/271\/revisions"}],"up":[{"embeddable":true,"href":"https:\/\/andreilebedev24.thkit.ee\/ru\/wp-json\/wp\/v2\/pages\/231"}],"wp:attachment":[{"href":"https:\/\/andreilebedev24.thkit.ee\/ru\/wp-json\/wp\/v2\/media?parent=271"}],"curies":[{"name":"wp","href":"https:\/\/api.w.org\/{rel}","templated":true}]}}