{"id":61,"date":"2024-09-04T23:11:26","date_gmt":"2024-09-04T20:11:26","guid":{"rendered":"https:\/\/andrei857.wordpress.com\/?page_id=61"},"modified":"2024-09-04T23:11:26","modified_gmt":"2024-09-04T20:11:26","slug":"veel-minust","status":"publish","type":"page","link":"https:\/\/andreilebedev24.thkit.ee\/ru\/veel-minust\/","title":{"rendered":"Veel minust"},"content":{"rendered":"\n<div class=\"wp-block-group is-content-justification-center is-nowrap is-layout-flex wp-container-core-group-is-layout-94bc23d7 wp-block-group-is-layout-flex\">\n<p>P\u00fchendasin judole 13 aastat ja selle aja jooksul sain hulgaliselt kogemusi ning \u00f5ppetunde, mis on mind palju rikastanud. Igap\u00e4evane treeningur\u00fctm \u00f5petas mulle distsipliini ja enesekontrolli olulisust, samas kui v\u00f5istlustel osalemine andis mulle v\u00f5imaluse proovile panna oma oskused ja leida uusi v\u00f5imalusi enesearenguks. Lisaks sellele sain tugeva meeskonnatunde osaliseks, olles koos treeningkaaslastega igap\u00e4evaselt koos ja toetamas \u00fcksteist nii v\u00e4ljakutsete kui ka v\u00f5itude korral. K\u00f5ik see on j\u00e4\u00e4nud minu ellu oluliseks osaks ning olen t\u00e4nulik k\u00f5ikide nende kogemuste eest, mida judo mulle pakkus.<\/p>\n<\/div>\n\n\n\n<figure class=\"wp-block-image size-large is-resized wp-duotone-unset-1\"><img decoding=\"async\" src=\"https:\/\/andreilebedev24.thkit.ee\/wp-content\/uploads\/2024\/09\/fb_img_1568479891802.jpg?w=720\" alt=\"\" class=\"wp-image-63\" style=\"width:320px;height:auto\" \/><\/figure>\n\n\n\n<hr class=\"wp-block-separator has-alpha-channel-opacity\" \/>\n\n\n\n<div class=\"wp-block-group is-nowrap is-layout-flex wp-container-core-group-is-layout-ad2f72ca wp-block-group-is-layout-flex\">\n<p>Kooliajal esinesime koos klassivennaga Robotexil 2017, 2019, kus oli inimesi \u00fcle maailma. Meie tiim oli v\u00e4ga p\u00f5nevil iga-aastase v\u00f5istlusega liitumisest, kuna see andis meile v\u00f5imaluse kohtuda teiste sarnaselt m\u00f5tlevate robootikahuvilistega ning n\u00e4idata oma oskusi ja loodud roboteid. Iga aasta oli p\u00f5nev uute v\u00e4ljakutsete ja v\u00f5istlusaladega ning meie eesm\u00e4rk oli kogu aeg olla parem kui eelneval aastal. Need kogemused andsid meile hindamatuid teadmisi ja \u00f5petasid meile meeskonnat\u00f6\u00f6 olulisust ning p\u00fcsivuse t\u00e4htsust p\u00fcstitatud eesm\u00e4rkide saavutamisel.<\/p>\n<\/div>\n\n\n\n<p>2019<\/p>\n\n\n\n<figure class=\"wp-block-gallery has-nested-images columns-default is-cropped wp-block-gallery-2 is-layout-flex wp-block-gallery-is-layout-flex\">\n<figure class=\"wp-block-image size-large is-resized\"><img decoding=\"async\" data-id=\"66\" src=\"https:\/\/andreilebedev24.thkit.ee\/wp-content\/uploads\/2024\/09\/49162122063_6181cef1a6_c.jpg?w=800\" alt=\"\" class=\"wp-image-66\" style=\"width:591px;height:auto\" \/><\/figure>\n<\/figure>\n\n\n\n<p>2017<\/p>\n\n\n\n<div class=\"wp-block-group is-nowrap is-layout-flex wp-container-core-group-is-layout-ad2f72ca wp-block-group-is-layout-flex\">\n<figure class=\"wp-block-image size-large\"><img decoding=\"async\" src=\"https:\/\/andreilebedev24.thkit.ee\/wp-content\/uploads\/2024\/09\/38705905622_1d5292b395_c.jpg?w=800\" alt=\"\" class=\"wp-image-68\" \/><\/figure>\n<\/div>\n\n\n\n<p><\/p>\n","protected":false},"excerpt":{"rendered":"<p>P\u00fchendasin judole 13 aastat ja selle aja jooksul sain hulgaliselt kogemusi ning \u00f5ppetunde, [&hellip;]<\/p>\n","protected":false},"author":1,"featured_media":0,"parent":0,"menu_order":1,"comment_status":"closed","ping_status":"closed","template":"","meta":{"footnotes":""},"class_list":["post-61","page","type-page","status-publish","hentry"],"yoast_head":"<!-- This site is optimized with the Yoast SEO plugin v27.4 - https:\/\/yoast.com\/product\/yoast-seo-wordpress\/ -->\n<title>Veel minust - Andrei Lebedev \/Portfolio\/RU<\/title>\n<meta name=\"robots\" content=\"index, follow, max-snippet:-1, max-image-preview:large, max-video-preview:-1\" \/>\n<link rel=\"canonical\" href=\"https:\/\/andreilebedev24.thkit.ee\/ru\/veel-minust\/\" \/>\n<meta property=\"og:locale\" content=\"ru_RU\" \/>\n<meta property=\"og:type\" content=\"article\" \/>\n<meta property=\"og:title\" content=\"Veel minust - Andrei Lebedev \/Portfolio\/RU\" \/>\n<meta property=\"og:description\" content=\"P\u00fchendasin judole 13 aastat ja selle aja jooksul sain hulgaliselt kogemusi ning \u00f5ppetunde, [&hellip;]\" \/>\n<meta property=\"og:url\" content=\"https:\/\/andreilebedev24.thkit.ee\/ru\/veel-minust\/\" \/>\n<meta property=\"og:site_name\" content=\"Andrei Lebedev \/Portfolio\/RU\" \/>\n<meta name=\"twitter:card\" content=\"summary_large_image\" \/>\n<meta name=\"twitter:label1\" content=\"\u041f\u0440\u0438\u043c\u0435\u0440\u043d\u043e\u0435 \u0432\u0440\u0435\u043c\u044f \u0434\u043b\u044f \u0447\u0442\u0435\u043d\u0438\u044f\" \/>\n\t<meta name=\"twitter:data1\" content=\"1 \u043c\u0438\u043d\u0443\u0442\u0430\" \/>\n<script type=\"application\/ld+json\" class=\"yoast-schema-graph\">{\"@context\":\"https:\\\/\\\/schema.org\",\"@graph\":[{\"@type\":\"WebPage\",\"@id\":\"https:\\\/\\\/andreilebedev24.thkit.ee\\\/ru\\\/veel-minust\\\/\",\"url\":\"https:\\\/\\\/andreilebedev24.thkit.ee\\\/ru\\\/veel-minust\\\/\",\"name\":\"Veel minust - Andrei Lebedev \\\/Portfolio\\\/RU\",\"isPartOf\":{\"@id\":\"https:\\\/\\\/andreilebedev24.thkit.ee\\\/ru\\\/#website\"},\"primaryImageOfPage\":{\"@id\":\"https:\\\/\\\/andreilebedev24.thkit.ee\\\/ru\\\/veel-minust\\\/#primaryimage\"},\"image\":{\"@id\":\"https:\\\/\\\/andreilebedev24.thkit.ee\\\/ru\\\/veel-minust\\\/#primaryimage\"},\"thumbnailUrl\":\"https:\\\/\\\/andreilebedev24.thkit.ee\\\/wp-content\\\/uploads\\\/2024\\\/09\\\/fb_img_1568479891802.jpg?w=720\",\"datePublished\":\"2024-09-04T20:11:26+00:00\",\"breadcrumb\":{\"@id\":\"https:\\\/\\\/andreilebedev24.thkit.ee\\\/ru\\\/veel-minust\\\/#breadcrumb\"},\"inLanguage\":\"ru-RU\",\"potentialAction\":[{\"@type\":\"ReadAction\",\"target\":[\"https:\\\/\\\/andreilebedev24.thkit.ee\\\/ru\\\/veel-minust\\\/\"]}]},{\"@type\":\"ImageObject\",\"inLanguage\":\"ru-RU\",\"@id\":\"https:\\\/\\\/andreilebedev24.thkit.ee\\\/ru\\\/veel-minust\\\/#primaryimage\",\"url\":\"https:\\\/\\\/andreilebedev24.thkit.ee\\\/wp-content\\\/uploads\\\/2024\\\/09\\\/fb_img_1568479891802.jpg?w=720\",\"contentUrl\":\"https:\\\/\\\/andreilebedev24.thkit.ee\\\/wp-content\\\/uploads\\\/2024\\\/09\\\/fb_img_1568479891802.jpg?w=720\"},{\"@type\":\"BreadcrumbList\",\"@id\":\"https:\\\/\\\/andreilebedev24.thkit.ee\\\/ru\\\/veel-minust\\\/#breadcrumb\",\"itemListElement\":[{\"@type\":\"ListItem\",\"position\":1,\"name\":\"\u0413\u043b\u0430\u0432\u043d\u0430\u044f \u0441\u0442\u0440\u0430\u043d\u0438\u0446\u0430\",\"item\":\"https:\\\/\\\/andreilebedev24.thkit.ee\\\/ru\\\/\"},{\"@type\":\"ListItem\",\"position\":2,\"name\":\"Veel minust\"}]},{\"@type\":\"WebSite\",\"@id\":\"https:\\\/\\\/andreilebedev24.thkit.ee\\\/ru\\\/#website\",\"url\":\"https:\\\/\\\/andreilebedev24.thkit.ee\\\/ru\\\/\",\"name\":\"Andrei Lebedev \\\/Portfolio\\\/RU\",\"description\":\"\",\"potentialAction\":[{\"@type\":\"SearchAction\",\"target\":{\"@type\":\"EntryPoint\",\"urlTemplate\":\"https:\\\/\\\/andreilebedev24.thkit.ee\\\/ru\\\/?s={search_term_string}\"},\"query-input\":{\"@type\":\"PropertyValueSpecification\",\"valueRequired\":true,\"valueName\":\"search_term_string\"}}],\"inLanguage\":\"ru-RU\"}]}<\/script>\n<!-- \/ Yoast SEO plugin. -->","yoast_head_json":{"title":"Veel minust - Andrei Lebedev \/Portfolio\/RU","robots":{"index":"index","follow":"follow","max-snippet":"max-snippet:-1","max-image-preview":"max-image-preview:large","max-video-preview":"max-video-preview:-1"},"canonical":"https:\/\/andreilebedev24.thkit.ee\/ru\/veel-minust\/","og_locale":"ru_RU","og_type":"article","og_title":"Veel minust - Andrei Lebedev \/Portfolio\/RU","og_description":"P\u00fchendasin judole 13 aastat ja selle aja jooksul sain hulgaliselt kogemusi ning \u00f5ppetunde, [&hellip;]","og_url":"https:\/\/andreilebedev24.thkit.ee\/ru\/veel-minust\/","og_site_name":"Andrei Lebedev \/Portfolio\/RU","twitter_card":"summary_large_image","twitter_misc":{"\u041f\u0440\u0438\u043c\u0435\u0440\u043d\u043e\u0435 \u0432\u0440\u0435\u043c\u044f \u0434\u043b\u044f \u0447\u0442\u0435\u043d\u0438\u044f":"1 \u043c\u0438\u043d\u0443\u0442\u0430"},"schema":{"@context":"https:\/\/schema.org","@graph":[{"@type":"WebPage","@id":"https:\/\/andreilebedev24.thkit.ee\/ru\/veel-minust\/","url":"https:\/\/andreilebedev24.thkit.ee\/ru\/veel-minust\/","name":"Veel minust - Andrei Lebedev \/Portfolio\/RU","isPartOf":{"@id":"https:\/\/andreilebedev24.thkit.ee\/ru\/#website"},"primaryImageOfPage":{"@id":"https:\/\/andreilebedev24.thkit.ee\/ru\/veel-minust\/#primaryimage"},"image":{"@id":"https:\/\/andreilebedev24.thkit.ee\/ru\/veel-minust\/#primaryimage"},"thumbnailUrl":"https:\/\/andreilebedev24.thkit.ee\/wp-content\/uploads\/2024\/09\/fb_img_1568479891802.jpg?w=720","datePublished":"2024-09-04T20:11:26+00:00","breadcrumb":{"@id":"https:\/\/andreilebedev24.thkit.ee\/ru\/veel-minust\/#breadcrumb"},"inLanguage":"ru-RU","potentialAction":[{"@type":"ReadAction","target":["https:\/\/andreilebedev24.thkit.ee\/ru\/veel-minust\/"]}]},{"@type":"ImageObject","inLanguage":"ru-RU","@id":"https:\/\/andreilebedev24.thkit.ee\/ru\/veel-minust\/#primaryimage","url":"https:\/\/andreilebedev24.thkit.ee\/wp-content\/uploads\/2024\/09\/fb_img_1568479891802.jpg?w=720","contentUrl":"https:\/\/andreilebedev24.thkit.ee\/wp-content\/uploads\/2024\/09\/fb_img_1568479891802.jpg?w=720"},{"@type":"BreadcrumbList","@id":"https:\/\/andreilebedev24.thkit.ee\/ru\/veel-minust\/#breadcrumb","itemListElement":[{"@type":"ListItem","position":1,"name":"\u0413\u043b\u0430\u0432\u043d\u0430\u044f \u0441\u0442\u0440\u0430\u043d\u0438\u0446\u0430","item":"https:\/\/andreilebedev24.thkit.ee\/ru\/"},{"@type":"ListItem","position":2,"name":"Veel minust"}]},{"@type":"WebSite","@id":"https:\/\/andreilebedev24.thkit.ee\/ru\/#website","url":"https:\/\/andreilebedev24.thkit.ee\/ru\/","name":"Andrei Lebedev \/Portfolio\/RU","description":"","potentialAction":[{"@type":"SearchAction","target":{"@type":"EntryPoint","urlTemplate":"https:\/\/andreilebedev24.thkit.ee\/ru\/?s={search_term_string}"},"query-input":{"@type":"PropertyValueSpecification","valueRequired":true,"valueName":"search_term_string"}}],"inLanguage":"ru-RU"}]}},"_links":{"self":[{"href":"https:\/\/andreilebedev24.thkit.ee\/ru\/wp-json\/wp\/v2\/pages\/61","targetHints":{"allow":["GET"]}}],"collection":[{"href":"https:\/\/andreilebedev24.thkit.ee\/ru\/wp-json\/wp\/v2\/pages"}],"about":[{"href":"https:\/\/andreilebedev24.thkit.ee\/ru\/wp-json\/wp\/v2\/types\/page"}],"author":[{"embeddable":true,"href":"https:\/\/andreilebedev24.thkit.ee\/ru\/wp-json\/wp\/v2\/users\/1"}],"replies":[{"embeddable":true,"href":"https:\/\/andreilebedev24.thkit.ee\/ru\/wp-json\/wp\/v2\/comments?post=61"}],"version-history":[{"count":0,"href":"https:\/\/andreilebedev24.thkit.ee\/ru\/wp-json\/wp\/v2\/pages\/61\/revisions"}],"wp:attachment":[{"href":"https:\/\/andreilebedev24.thkit.ee\/ru\/wp-json\/wp\/v2\/media?parent=61"}],"curies":[{"name":"wp","href":"https:\/\/api.w.org\/{rel}","templated":true}]}}